{"id":5230,"date":"2018-06-20T07:45:26","date_gmt":"2018-06-20T05:45:26","guid":{"rendered":"https:\/\/demo.goodlayers.com\/traveltour\/yachttour\/?page_id=5230"},"modified":"2022-11-11T12:56:39","modified_gmt":"2022-11-11T11:56:39","slug":"escuela-nautica","status":"publish","type":"page","link":"https:\/\/gmsailings.com\/escuela-nautica\/","title":{"rendered":"Escuela N\u00e1utica"},"content":{"rendered":"<div class=\"learndash-wrap\"><div id=\"ld-course-list-content-7d15d6041a6443743f0a617ccbcea6dc\" class=\"ld-course-list-content\" data-shortcode-atts=\"{&quot;orderby&quot;:&quot;date&quot;,&quot;order&quot;:&quot;ASC&quot;,&quot;progress_bar&quot;:&quot;true&quot;,&quot;price_type&quot;:&quot;open,free,paynow,subscribe,closed&quot;,&quot;course_grid&quot;:&quot;true&quot;}\">\n\t\t\t<div class=\"ld-course-list-items row\">\n\t\n<div class=\"ld_course_grid col-sm-8 col-md-4 \">\n\n     \n\t<article id=\"post-5588\" class=\" learndash-not-available learndash-incomplete thumbnail course post-5588 sfwd-courses type-sfwd-courses status-publish has-post-thumbnail hentry\">\n\n          \n\t\t     \t\t\t<div class=\"ld_course_grid_price ribbon custom\">\n                         120,00 \u20ac     \t\t\t<\/div>\n\t\t\t     \t\t\t<a href=\"https:\/\/gmsailings.com\/escuela-nautica\/courses\/licencia-de-navegacion-titulin\/\" rel=\"bookmark\">\n     \t\t\t\t<img fetchpriority=\"high\" decoding=\"async\" width=\"1000\" height=\"670\" src=\"https:\/\/gmsailings.com\/escuela-nautica\/wp-content\/uploads\/2022\/04\/licencia-de-navegacion-curso-gmsailings.jpg\" class=\"attachment-course-thumb size-course-thumb wp-post-image\" alt=\"\" srcset=\"https:\/\/gmsailings.com\/escuela-nautica\/wp-content\/uploads\/2022\/04\/licencia-de-navegacion-curso-gmsailings.jpg 1000w, https:\/\/gmsailings.com\/escuela-nautica\/wp-content\/uploads\/2022\/04\/licencia-de-navegacion-curso-gmsailings-300x201.jpg 300w, https:\/\/gmsailings.com\/escuela-nautica\/wp-content\/uploads\/2022\/04\/licencia-de-navegacion-curso-gmsailings-768x515.jpg 768w, https:\/\/gmsailings.com\/escuela-nautica\/wp-content\/uploads\/2022\/04\/licencia-de-navegacion-curso-gmsailings-600x402.jpg 600w\" sizes=\"(max-width: 1000px) 100vw, 1000px\" \/>     \t\t\t<\/a>\n\t\t\t\n          \n\t\t\t<div class=\"caption\">\n\n                    \n\t\t\t\t<h3 class=\"entry-title\">\n                         Licencia de Navegaci\u00f3n (Titul\u00edn)                    <\/h3>\n\n                    \n\t\t\t\t\n                    \n\t\t\t\t<p class=\"ld_course_grid_button\"><a class=\"btn btn-primary\" role=\"button\" href=\"https:\/\/gmsailings.com\/escuela-nautica\/courses\/licencia-de-navegacion-titulin\/\" rel=\"bookmark\">Comprar<\/a><\/p>\n\n                    \n\t\t\t\t\n                    \t\t\t\t\t\t\t<p><\/p>\n\t\t\t\t\t\t\t\t<\/div><!-- .entry-header -->\n\t\t\t<\/article><!-- #post-## -->\n<\/div><!-- .ld_course_grid -->\n\n<div class=\"ld_course_grid col-sm-8 col-md-4 \">\n\n     \n\t<article id=\"post-27565\" class=\" learndash-not-available learndash-incomplete thumbnail course post-27565 sfwd-courses type-sfwd-courses status-publish has-post-thumbnail hentry\">\n\n          \n\t\t     \t\t\t<div class=\"ld_course_grid_price ribbon custom\">\n                         50,00 \u20ac     \t\t\t<\/div>\n\t\t\t     \t\t\t<a href=\"https:\/\/gmsailings.com\/escuela-nautica\/courses\/pnb-patron-navegacion-basica\/\" rel=\"bookmark\">\n     \t\t\t\t<img decoding=\"async\" width=\"1000\" height=\"667\" src=\"https:\/\/gmsailings.com\/escuela-nautica\/wp-content\/uploads\/2022\/04\/pnb-curso-gmsailings.jpg\" class=\"attachment-course-thumb size-course-thumb wp-post-image\" alt=\"\" srcset=\"https:\/\/gmsailings.com\/escuela-nautica\/wp-content\/uploads\/2022\/04\/pnb-curso-gmsailings.jpg 1000w, https:\/\/gmsailings.com\/escuela-nautica\/wp-content\/uploads\/2022\/04\/pnb-curso-gmsailings-300x200.jpg 300w, https:\/\/gmsailings.com\/escuela-nautica\/wp-content\/uploads\/2022\/04\/pnb-curso-gmsailings-768x512.jpg 768w, https:\/\/gmsailings.com\/escuela-nautica\/wp-content\/uploads\/2022\/04\/pnb-curso-gmsailings-600x400.jpg 600w\" sizes=\"(max-width: 1000px) 100vw, 1000px\" \/>     \t\t\t<\/a>\n\t\t\t\n          \n\t\t\t<div class=\"caption\">\n\n                    \n\t\t\t\t<h3 class=\"entry-title\">\n                         PNB (Patr\u00f3n Navegaci\u00f3n B\u00e1sica)                    <\/h3>\n\n                    \n\t\t\t\t\n                    \n\t\t\t\t<p class=\"ld_course_grid_button\"><a class=\"btn btn-primary\" role=\"button\" href=\"https:\/\/gmsailings.com\/escuela-nautica\/courses\/pnb-patron-navegacion-basica\/\" rel=\"bookmark\">Comprar<\/a><\/p>\n\n                    \n\t\t\t\t\n                    \t\t\t\t\t\t\t<p><\/p>\n\t\t\t\t\t\t\t\t<\/div><!-- .entry-header -->\n\t\t\t<\/article><!-- #post-## -->\n<\/div><!-- .ld_course_grid -->\n\n<div class=\"ld_course_grid col-sm-8 col-md-4 \">\n\n     \n\t<article id=\"post-5592\" class=\" learndash-not-available learndash-incomplete thumbnail course post-5592 sfwd-courses type-sfwd-courses status-publish has-post-thumbnail hentry\">\n\n          \n\t\t     \t\t\t<div class=\"ld_course_grid_price ribbon custom\">\n                         70,00 \u20ac     \t\t\t<\/div>\n\t\t\t     \t\t\t<a href=\"https:\/\/gmsailings.com\/escuela-nautica\/courses\/per-patron-embarcacion-de-recreo\/\" rel=\"bookmark\">\n     \t\t\t\t<img decoding=\"async\" width=\"1000\" height=\"667\" src=\"https:\/\/gmsailings.com\/escuela-nautica\/wp-content\/uploads\/2022\/04\/per-curso-gmsailings.jpg\" class=\"attachment-course-thumb size-course-thumb wp-post-image\" alt=\"\" srcset=\"https:\/\/gmsailings.com\/escuela-nautica\/wp-content\/uploads\/2022\/04\/per-curso-gmsailings.jpg 1000w, https:\/\/gmsailings.com\/escuela-nautica\/wp-content\/uploads\/2022\/04\/per-curso-gmsailings-300x200.jpg 300w, https:\/\/gmsailings.com\/escuela-nautica\/wp-content\/uploads\/2022\/04\/per-curso-gmsailings-768x512.jpg 768w, https:\/\/gmsailings.com\/escuela-nautica\/wp-content\/uploads\/2022\/04\/per-curso-gmsailings-600x400.jpg 600w\" sizes=\"(max-width: 1000px) 100vw, 1000px\" \/>     \t\t\t<\/a>\n\t\t\t\n          \n\t\t\t<div class=\"caption\">\n\n                    \n\t\t\t\t<h3 class=\"entry-title\">\n                         PER (Patr\u00f3n Embarcaci\u00f3n de recreo)                    <\/h3>\n\n                    \n\t\t\t\t\n                    \n\t\t\t\t<p class=\"ld_course_grid_button\"><a class=\"btn btn-primary\" role=\"button\" href=\"https:\/\/gmsailings.com\/escuela-nautica\/courses\/per-patron-embarcacion-de-recreo\/\" rel=\"bookmark\">Comprar<\/a><\/p>\n\n                    \n\t\t\t\t\n                    \t\t\t\t\t\t\t<p><\/p>\n\t\t\t\t\t\t\t\t<\/div><!-- .entry-header -->\n\t\t\t<\/article><!-- #post-## -->\n<\/div><!-- .ld_course_grid -->\n\n<div class=\"ld_course_grid col-sm-8 col-md-4 \">\n\n     \n\t<article id=\"post-30489\" class=\" learndash-not-available learndash-incomplete thumbnail course post-30489 sfwd-courses type-sfwd-courses status-publish has-post-thumbnail hentry\">\n\n          \n\t\t     \t\t\t<div class=\"ld_course_grid_price ribbon custom\">\n                         80,00 \u20ac     \t\t\t<\/div>\n\t\t\t     \t\t\t<a href=\"https:\/\/gmsailings.com\/escuela-nautica\/courses\/patron-de-yate\/\" rel=\"bookmark\">\n     \t\t\t\t<img loading=\"lazy\" decoding=\"async\" width=\"1000\" height=\"667\" src=\"https:\/\/gmsailings.com\/escuela-nautica\/wp-content\/uploads\/2022\/06\/patron-de-yate-curso-gmsailings.jpg\" class=\"attachment-course-thumb size-course-thumb wp-post-image\" alt=\"\" srcset=\"https:\/\/gmsailings.com\/escuela-nautica\/wp-content\/uploads\/2022\/06\/patron-de-yate-curso-gmsailings.jpg 1000w, https:\/\/gmsailings.com\/escuela-nautica\/wp-content\/uploads\/2022\/06\/patron-de-yate-curso-gmsailings-300x200.jpg 300w, https:\/\/gmsailings.com\/escuela-nautica\/wp-content\/uploads\/2022\/06\/patron-de-yate-curso-gmsailings-768x512.jpg 768w, https:\/\/gmsailings.com\/escuela-nautica\/wp-content\/uploads\/2022\/06\/patron-de-yate-curso-gmsailings-600x400.jpg 600w\" sizes=\"(max-width: 1000px) 100vw, 1000px\" \/>     \t\t\t<\/a>\n\t\t\t\n          \n\t\t\t<div class=\"caption\">\n\n                    \n\t\t\t\t<h3 class=\"entry-title\">\n                         Patr\u00f3n de Yate                    <\/h3>\n\n                    \n\t\t\t\t\n                    \n\t\t\t\t<p class=\"ld_course_grid_button\"><a class=\"btn btn-primary\" role=\"button\" href=\"https:\/\/gmsailings.com\/escuela-nautica\/courses\/patron-de-yate\/\" rel=\"bookmark\">Comprar<\/a><\/p>\n\n                    \n\t\t\t\t\n                    \t\t\t\t\t\t\t<p><\/p>\n\t\t\t\t\t\t\t\t<\/div><!-- .entry-header -->\n\t\t\t<\/article><!-- #post-## -->\n<\/div><!-- .ld_course_grid -->\n\n<div class=\"ld_course_grid col-sm-8 col-md-4 \">\n\n     \n\t<article id=\"post-37373\" class=\" learndash-not-available learndash-incomplete thumbnail course post-37373 sfwd-courses type-sfwd-courses status-publish has-post-thumbnail hentry\">\n\n          \n\t\t     \t\t\t<div class=\"ld_course_grid_price ribbon custom\">\n                         50,00 \u20ac     \t\t\t<\/div>\n\t\t\t     \t\t\t<a href=\"https:\/\/gmsailings.com\/escuela-nautica\/courses\/capitan-de-yate\/\" rel=\"bookmark\">\n     \t\t\t\t<img loading=\"lazy\" decoding=\"async\" width=\"1000\" height=\"667\" src=\"https:\/\/gmsailings.com\/escuela-nautica\/wp-content\/uploads\/2022\/04\/capitan-de-yate-curso-gmsailings.jpg\" class=\"attachment-course-thumb size-course-thumb wp-post-image\" alt=\"\" srcset=\"https:\/\/gmsailings.com\/escuela-nautica\/wp-content\/uploads\/2022\/04\/capitan-de-yate-curso-gmsailings.jpg 1000w, https:\/\/gmsailings.com\/escuela-nautica\/wp-content\/uploads\/2022\/04\/capitan-de-yate-curso-gmsailings-300x200.jpg 300w, https:\/\/gmsailings.com\/escuela-nautica\/wp-content\/uploads\/2022\/04\/capitan-de-yate-curso-gmsailings-768x512.jpg 768w, https:\/\/gmsailings.com\/escuela-nautica\/wp-content\/uploads\/2022\/04\/capitan-de-yate-curso-gmsailings-600x400.jpg 600w\" sizes=\"(max-width: 1000px) 100vw, 1000px\" \/>     \t\t\t<\/a>\n\t\t\t\n          \n\t\t\t<div class=\"caption\">\n\n                    \n\t\t\t\t<h3 class=\"entry-title\">\n                         Capit\u00e1n de Yate                    <\/h3>\n\n                    \n\t\t\t\t\n                    \n\t\t\t\t<p class=\"ld_course_grid_button\"><a class=\"btn btn-primary\" role=\"button\" href=\"https:\/\/gmsailings.com\/escuela-nautica\/courses\/capitan-de-yate\/\" rel=\"bookmark\">Comprar<\/a><\/p>\n\n                    \n\t\t\t\t\n                    \t\t\t\t\t\t\t<p><\/p>\n\t\t\t\t\t\t\t\t<\/div><!-- .entry-header -->\n\t\t\t<\/article><!-- #post-## -->\n<\/div><!-- .ld_course_grid -->\n\n<div class=\"ld_course_grid col-sm-8 col-md-4 \">\n\n     \n\t<article id=\"post-17742\" class=\" learndash-not-available learndash-incomplete thumbnail course post-17742 sfwd-courses type-sfwd-courses status-publish has-post-thumbnail hentry\">\n\n          \n\t\t     \t\t\t<div class=\"ld_course_grid_price ribbon custom\">\n                         85,00 \u20ac     \t\t\t<\/div>\n\t\t\t     \t\t\t<a href=\"https:\/\/gmsailings.com\/escuela-nautica\/courses\/pper-patron-profesional-embarcaciones-de-recreo\/\" rel=\"bookmark\">\n     \t\t\t\t<img loading=\"lazy\" decoding=\"async\" width=\"1000\" height=\"667\" src=\"https:\/\/gmsailings.com\/escuela-nautica\/wp-content\/uploads\/2022\/04\/2e82fc57b4.jpeg\" class=\"attachment-course-thumb size-course-thumb wp-post-image\" alt=\"\" srcset=\"https:\/\/gmsailings.com\/escuela-nautica\/wp-content\/uploads\/2022\/04\/2e82fc57b4.jpeg 1000w, https:\/\/gmsailings.com\/escuela-nautica\/wp-content\/uploads\/2022\/04\/2e82fc57b4-300x200.jpeg 300w, https:\/\/gmsailings.com\/escuela-nautica\/wp-content\/uploads\/2022\/04\/2e82fc57b4-768x512.jpeg 768w, https:\/\/gmsailings.com\/escuela-nautica\/wp-content\/uploads\/2022\/04\/2e82fc57b4-600x400.jpeg 600w\" sizes=\"(max-width: 1000px) 100vw, 1000px\" \/>     \t\t\t<\/a>\n\t\t\t\n          \n\t\t\t<div class=\"caption\">\n\n                    \n\t\t\t\t<h3 class=\"entry-title\">\n                         PPER (Patr\u00f3n Profesional Embarcaciones de Recreo)                    <\/h3>\n\n                    \n\t\t\t\t\n                    \n\t\t\t\t<p class=\"ld_course_grid_button\"><a class=\"btn btn-primary\" role=\"button\" href=\"https:\/\/gmsailings.com\/escuela-nautica\/courses\/pper-patron-profesional-embarcaciones-de-recreo\/\" rel=\"bookmark\">Comprar<\/a><\/p>\n\n                    \n\t\t\t\t\n                    \t\t\t\t\t\t\t<p><\/p>\n\t\t\t\t\t\t\t\t<\/div><!-- .entry-header -->\n\t\t\t<\/article><!-- #post-## -->\n<\/div><!-- .ld_course_grid -->\n\t<\/div>\n\t\t\t<\/div>\n\t\t<\/div>","protected":false},"excerpt":{"rendered":"","protected":false},"author":1,"featured_media":0,"parent":0,"menu_order":0,"comment_status":"closed","ping_status":"closed","template":"","meta":{"footnotes":""},"class_list":["post-5230","page","type-page","status-publish","hentry"],"_links":{"self":[{"href":"https:\/\/gmsailings.com\/escuela-nautica\/wp-json\/wp\/v2\/pages\/5230","targetHints":{"allow":["GET"]}}],"collection":[{"href":"https:\/\/gmsailings.com\/escuela-nautica\/wp-json\/wp\/v2\/pages"}],"about":[{"href":"https:\/\/gmsailings.com\/escuela-nautica\/wp-json\/wp\/v2\/types\/page"}],"author":[{"embeddable":true,"href":"https:\/\/gmsailings.com\/escuela-nautica\/wp-json\/wp\/v2\/users\/1"}],"replies":[{"embeddable":true,"href":"https:\/\/gmsailings.com\/escuela-nautica\/wp-json\/wp\/v2\/comments?post=5230"}],"version-history":[{"count":4,"href":"https:\/\/gmsailings.com\/escuela-nautica\/wp-json\/wp\/v2\/pages\/5230\/revisions"}],"predecessor-version":[{"id":14891,"href":"https:\/\/gmsailings.com\/escuela-nautica\/wp-json\/wp\/v2\/pages\/5230\/revisions\/14891"}],"wp:attachment":[{"href":"https:\/\/gmsailings.com\/escuela-nautica\/wp-json\/wp\/v2\/media?parent=5230"}],"curies":[{"name":"wp","href":"https:\/\/api.w.org\/{rel}","templated":true}]}}