{"id":25327,"date":"2023-08-02T15:37:41","date_gmt":"2023-08-02T13:37:41","guid":{"rendered":"https:\/\/gmsailings.com\/escuela-nautica\/?post_type=product&#038;p=25327"},"modified":"2023-10-14T16:47:53","modified_gmt":"2023-10-14T14:47:53","slug":"pnb-patron-navegacion-basica","status":"publish","type":"product","link":"https:\/\/gmsailings.com\/escuela-nautica\/producto\/pnb-patron-navegacion-basica\/","title":{"rendered":"PNB (Patr\u00f3n Navegaci\u00f3n B\u00e1sica)"},"content":{"rendered":"","protected":false},"excerpt":{"rendered":"<div class=\"ld-tabs ld-tab-count-1\">\n<div class=\"ld-tabs-content\">\n<div id=\"ld-tab-content-5592\" class=\"ld-tab-content ld-visible\" tabindex=\"0\" role=\"tabpanel\" aria-labelledby=\"content\">\n<div class=\"ld-tabs-content\">\n<div id=\"ld-tab-content-5588\" class=\"ld-tab-content ld-visible\" tabindex=\"0\" role=\"tabpanel\" aria-labelledby=\"content\">\n<p><strong>El T\u00edtulo de Patr\u00f3n de Navegaci\u00f3n B\u00e1sica, te habilita para gobernar embarcaciones de hasta 8 metros de eslora y una navegaci\u00f3n costera hasta 5 millas de puerto o lugar de abrigo<\/strong>.<\/p>\n<\/div>\n<\/div>\n<\/div>\n<\/div>\n<\/div>\n","protected":false},"featured_media":5980,"comment_status":"open","ping_status":"closed","template":"","meta":[],"product_brand":[],"product_cat":[99],"product_tag":[],"class_list":{"0":"post-25327","1":"product","2":"type-product","3":"status-publish","4":"has-post-thumbnail","6":"product_cat-sin-categorizar","8":"first","9":"instock","10":"virtual","11":"sold-individually","12":"taxable","13":"purchasable","14":"product-type-course"},"_links":{"self":[{"href":"https:\/\/gmsailings.com\/escuela-nautica\/wp-json\/wp\/v2\/product\/25327","targetHints":{"allow":["GET"]}}],"collection":[{"href":"https:\/\/gmsailings.com\/escuela-nautica\/wp-json\/wp\/v2\/product"}],"about":[{"href":"https:\/\/gmsailings.com\/escuela-nautica\/wp-json\/wp\/v2\/types\/product"}],"replies":[{"embeddable":true,"href":"https:\/\/gmsailings.com\/escuela-nautica\/wp-json\/wp\/v2\/comments?post=25327"}],"wp:featuredmedia":[{"embeddable":true,"href":"https:\/\/gmsailings.com\/escuela-nautica\/wp-json\/wp\/v2\/media\/5980"}],"wp:attachment":[{"href":"https:\/\/gmsailings.com\/escuela-nautica\/wp-json\/wp\/v2\/media?parent=25327"}],"wp:term":[{"taxonomy":"product_brand","embeddable":true,"href":"https:\/\/gmsailings.com\/escuela-nautica\/wp-json\/wp\/v2\/product_brand?post=25327"},{"taxonomy":"product_cat","embeddable":true,"href":"https:\/\/gmsailings.com\/escuela-nautica\/wp-json\/wp\/v2\/product_cat?post=25327"},{"taxonomy":"product_tag","embeddable":true,"href":"https:\/\/gmsailings.com\/escuela-nautica\/wp-json\/wp\/v2\/product_tag?post=25327"}],"curies":[{"name":"wp","href":"https:\/\/api.w.org\/{rel}","templated":true}]}}