{"id":25328,"date":"2023-08-02T15:44:26","date_gmt":"2023-08-02T13:44:26","guid":{"rendered":"https:\/\/gmsailings.com\/escuela-nautica\/?post_type=product&#038;p=25328"},"modified":"2023-10-16T20:11:43","modified_gmt":"2023-10-16T18:11:43","slug":"patron-de-yate","status":"publish","type":"product","link":"https:\/\/gmsailings.com\/escuela-nautica\/producto\/patron-de-yate\/","title":{"rendered":"Patr\u00f3n de Yate"},"content":{"rendered":"","protected":false},"excerpt":{"rendered":"<div class=\"ld-tabs ld-tab-count-1\">\n<div class=\"ld-tabs-content\">\n<div id=\"ld-tab-content-5592\" class=\"ld-tab-content ld-visible\" tabindex=\"0\" role=\"tabpanel\" aria-labelledby=\"content\">\n<div class=\"ld-tabs-content\">\n<div id=\"ld-tab-content-5588\" class=\"ld-tab-content ld-visible\" tabindex=\"0\" role=\"tabpanel\" aria-labelledby=\"content\">\n<p><strong>El T\u00edtulo de Patr\u00f3n de Yate, te habilita para gobernar embarcaciones de hasta 24 metros de eslora y a una distancia de navegaci\u00f3n de hasta 150 millas paralelas a la costa<\/strong><\/p>\n<\/div>\n<\/div>\n<\/div>\n<\/div>\n<\/div>\n","protected":false},"featured_media":5983,"comment_status":"open","ping_status":"closed","template":"","meta":[],"product_brand":[],"product_cat":[99],"product_tag":[],"class_list":{"0":"post-25328","1":"product","2":"type-product","3":"status-publish","4":"has-post-thumbnail","6":"product_cat-sin-categorizar","8":"first","9":"instock","10":"virtual","11":"sold-individually","12":"taxable","13":"purchasable","14":"product-type-course"},"_links":{"self":[{"href":"https:\/\/gmsailings.com\/escuela-nautica\/wp-json\/wp\/v2\/product\/25328","targetHints":{"allow":["GET"]}}],"collection":[{"href":"https:\/\/gmsailings.com\/escuela-nautica\/wp-json\/wp\/v2\/product"}],"about":[{"href":"https:\/\/gmsailings.com\/escuela-nautica\/wp-json\/wp\/v2\/types\/product"}],"replies":[{"embeddable":true,"href":"https:\/\/gmsailings.com\/escuela-nautica\/wp-json\/wp\/v2\/comments?post=25328"}],"wp:featuredmedia":[{"embeddable":true,"href":"https:\/\/gmsailings.com\/escuela-nautica\/wp-json\/wp\/v2\/media\/5983"}],"wp:attachment":[{"href":"https:\/\/gmsailings.com\/escuela-nautica\/wp-json\/wp\/v2\/media?parent=25328"}],"wp:term":[{"taxonomy":"product_brand","embeddable":true,"href":"https:\/\/gmsailings.com\/escuela-nautica\/wp-json\/wp\/v2\/product_brand?post=25328"},{"taxonomy":"product_cat","embeddable":true,"href":"https:\/\/gmsailings.com\/escuela-nautica\/wp-json\/wp\/v2\/product_cat?post=25328"},{"taxonomy":"product_tag","embeddable":true,"href":"https:\/\/gmsailings.com\/escuela-nautica\/wp-json\/wp\/v2\/product_tag?post=25328"}],"curies":[{"name":"wp","href":"https:\/\/api.w.org\/{rel}","templated":true}]}}